{"id":665,"date":"2018-10-09T09:17:55","date_gmt":"2018-10-09T09:17:55","guid":{"rendered":"https:\/\/grasssport.pl\/?page_id=665"},"modified":"2024-05-24T08:03:09","modified_gmt":"2024-05-24T08:03:09","slug":"realizacje","status":"publish","type":"page","link":"https:\/\/grasssport.pl\/?page_id=665","title":{"rendered":"Realizacje"},"content":{"rendered":"\t\t<div data-elementor-type=\"wp-post\" data-elementor-id=\"665\" class=\"elementor elementor-665\" data-elementor-post-type=\"page\">\n\t\t\t\t<div class=\"elementor-element elementor-element-eaaf00e e-flex e-con-boxed e-con e-parent\" data-id=\"eaaf00e\" data-element_type=\"container\" data-settings=\"{&quot;background_background&quot;:&quot;classic&quot;}\">\n\t\t\t\t\t<div class=\"e-con-inner\">\n\t\t<div class=\"elementor-element elementor-element-4546c4d e-con-full e-flex e-con e-child\" data-id=\"4546c4d\" data-element_type=\"container\">\n\t\t\t\t<div class=\"elementor-element elementor-element-67b8119 elementor-widget elementor-widget-heading\" data-id=\"67b8119\" data-element_type=\"widget\" data-widget_type=\"heading.default\">\n\t\t\t\t<div class=\"elementor-widget-container\">\n\t\t\t\t\t<h5 class=\"elementor-heading-title elementor-size-default\">Nasze<\/h5>\t\t\t\t<\/div>\n\t\t\t\t<\/div>\n\t\t\t\t<div class=\"elementor-element elementor-element-66f1108 elementor-widget elementor-widget-heading\" data-id=\"66f1108\" data-element_type=\"widget\" data-widget_type=\"heading.default\">\n\t\t\t\t<div class=\"elementor-widget-container\">\n\t\t\t\t\t<h1 class=\"elementor-heading-title elementor-size-default\">Realizacje<\/h1>\t\t\t\t<\/div>\n\t\t\t\t<\/div>\n\t\t\t\t<\/div>\n\t\t\t\t\t<\/div>\n\t\t\t\t<\/div>\n\t\t<div class=\"elementor-element elementor-element-288c1a8 e-flex e-con-boxed e-con e-parent\" data-id=\"288c1a8\" data-element_type=\"container\" data-settings=\"{&quot;background_background&quot;:&quot;classic&quot;}\">\n\t\t\t\t\t<div class=\"e-con-inner\">\n\t\t<div class=\"elementor-element elementor-element-bdbda61 e-con-full e-flex e-con e-child\" data-id=\"bdbda61\" data-element_type=\"container\">\n\t\t\t\t<div class=\"elementor-element elementor-element-7f4abdd elementor-widget elementor-widget-heading\" data-id=\"7f4abdd\" data-element_type=\"widget\" data-widget_type=\"heading.default\">\n\t\t\t\t<div class=\"elementor-widget-container\">\n\t\t\t\t\t<h5 class=\"elementor-heading-title elementor-size-default\">Realizacje<\/h5>\t\t\t\t<\/div>\n\t\t\t\t<\/div>\n\t\t\t\t<div class=\"elementor-element elementor-element-213affc elementor-widget elementor-widget-heading\" data-id=\"213affc\" data-element_type=\"widget\" data-widget_type=\"heading.default\">\n\t\t\t\t<div class=\"elementor-widget-container\">\n\t\t\t\t\t<h2 class=\"elementor-heading-title elementor-size-default\">Sprawd\u017a nasze realizacje<\/h2>\t\t\t\t<\/div>\n\t\t\t\t<\/div>\n\t\t\t\t<div class=\"elementor-element elementor-element-1bbc748 elementor-widget-divider--view-line elementor-widget elementor-widget-divider\" data-id=\"1bbc748\" data-element_type=\"widget\" data-widget_type=\"divider.default\">\n\t\t\t\t<div class=\"elementor-widget-container\">\n\t\t\t\t\t\t\t<div class=\"elementor-divider\">\n\t\t\t<span class=\"elementor-divider-separator\">\n\t\t\t\t\t\t<\/span>\n\t\t<\/div>\n\t\t\t\t\t\t<\/div>\n\t\t\t\t<\/div>\n\t\t\t\t<\/div>\n\t\t<div class=\"elementor-element elementor-element-20b7863 e-con-full e-flex e-con e-child\" data-id=\"20b7863\" data-element_type=\"container\">\n\t\t\t\t<div class=\"elementor-element elementor-element-4ff4dae elementor-widget elementor-widget-text-editor\" data-id=\"4ff4dae\" data-element_type=\"widget\" data-widget_type=\"text-editor.default\">\n\t\t\t\t<div class=\"elementor-widget-container\">\n\t\t\t\t\t\t\t\t\t<p>Zapoznaj si\u0119 z naszymi najnowszymi realizacjami.\u00a0 Nasze trawniki s\u0105 projektowane z my\u015bl\u0105 o praktycznym wykorzystaniu, a ich funkcjonalno\u015b\u0107 jest kluczowa dla naszych projekt\u00f3w.<\/p><p>Ka\u017cdy trawnik jest starannie dostosowany do okre\u015blonych cel\u00f3w u\u017cytkowania, zapewniaj\u0105c optymalne warunki zar\u00f3wno do wypoczynku, jak i aktywno\u015bci na \u015bwie\u017cym powietrzu.<\/p>\t\t\t\t\t\t\t\t<\/div>\n\t\t\t\t<\/div>\n\t\t\t\t<\/div>\n\t\t\t\t\t<\/div>\n\t\t\t\t<\/div>\n\t\t<div class=\"elementor-element elementor-element-fd38976 e-grid e-con-full e-con e-parent\" data-id=\"fd38976\" data-element_type=\"container\">\n\t\t\t\t<div class=\"elementor-element elementor-element-17ff4d2 elementor-widget elementor-widget-image\" data-id=\"17ff4d2\" data-element_type=\"widget\" data-widget_type=\"image.default\">\n\t\t\t\t<div class=\"elementor-widget-container\">\n\t\t\t\t\t\t\t\t\t\t\t\t\t\t\t\t<a href=\"https:\/\/grasssport.pl\/wp-content\/uploads\/2024\/05\/image0-scaled.jpeg\" data-elementor-open-lightbox=\"yes\" data-elementor-lightbox-title=\"image0\" data-e-action-hash=\"#elementor-action%3Aaction%3Dlightbox%26settings%3DeyJpZCI6MTE4MSwidXJsIjoiaHR0cHM6XC9cL2dyYXNzc3BvcnQucGxcL3dwLWNvbnRlbnRcL3VwbG9hZHNcLzIwMjRcLzA1XC9pbWFnZTAtc2NhbGVkLmpwZWcifQ%3D%3D\">\n\t\t\t\t\t\t\t<img decoding=\"async\" src=\"https:\/\/grasssport.pl\/wp-content\/uploads\/elementor\/thumbs\/image0-scaled-qohqodtp2cf254cnkbcvreomauium0afxl1t4y7iwg.jpeg\" title=\"image0\" alt=\"image0\" loading=\"lazy\" \/>\t\t\t\t\t\t\t\t<\/a>\n\t\t\t\t\t\t\t\t\t\t\t\t\t\t\t<\/div>\n\t\t\t\t<\/div>\n\t\t\t\t<div class=\"elementor-element elementor-element-a4e3fe3 elementor-widget elementor-widget-image\" data-id=\"a4e3fe3\" data-element_type=\"widget\" data-widget_type=\"image.default\">\n\t\t\t\t<div class=\"elementor-widget-container\">\n\t\t\t\t\t\t\t\t\t\t\t\t\t\t\t\t<a href=\"https:\/\/grasssport.pl\/wp-content\/uploads\/2024\/05\/image1-scaled.jpeg\" data-elementor-open-lightbox=\"yes\" data-elementor-lightbox-title=\"image1\" data-e-action-hash=\"#elementor-action%3Aaction%3Dlightbox%26settings%3DeyJpZCI6MTE4MiwidXJsIjoiaHR0cHM6XC9cL2dyYXNzc3BvcnQucGxcL3dwLWNvbnRlbnRcL3VwbG9hZHNcLzIwMjRcLzA1XC9pbWFnZTEtc2NhbGVkLmpwZWcifQ%3D%3D\">\n\t\t\t\t\t\t\t<img decoding=\"async\" src=\"https:\/\/grasssport.pl\/wp-content\/uploads\/elementor\/thumbs\/image1-scaled-qohqoqzfq0x2nntjfh1nqbd2m8pzlrqone6luto0hc.jpeg\" title=\"image1\" alt=\"image1\" loading=\"lazy\" \/>\t\t\t\t\t\t\t\t<\/a>\n\t\t\t\t\t\t\t\t\t\t\t\t\t\t\t<\/div>\n\t\t\t\t<\/div>\n\t\t\t\t<div class=\"elementor-element elementor-element-b716c99 elementor-widget elementor-widget-image\" data-id=\"b716c99\" data-element_type=\"widget\" data-widget_type=\"image.default\">\n\t\t\t\t<div class=\"elementor-widget-container\">\n\t\t\t\t\t\t\t\t\t\t\t\t\t\t\t\t<a href=\"https:\/\/grasssport.pl\/wp-content\/uploads\/2024\/05\/image2.jpeg\" data-elementor-open-lightbox=\"yes\" data-elementor-lightbox-title=\"image2\" data-e-action-hash=\"#elementor-action%3Aaction%3Dlightbox%26settings%3DeyJpZCI6MTE4MywidXJsIjoiaHR0cHM6XC9cL2dyYXNzc3BvcnQucGxcL3dwLWNvbnRlbnRcL3VwbG9hZHNcLzIwMjRcLzA1XC9pbWFnZTIuanBlZyJ9\">\n\t\t\t\t\t\t\t<img decoding=\"async\" src=\"https:\/\/grasssport.pl\/wp-content\/uploads\/elementor\/thumbs\/image2-qohqoyi58p7d8jim7kaoa9grdboxbckjcfehp1cv3k.jpeg\" title=\"image2\" alt=\"image2\" loading=\"lazy\" \/>\t\t\t\t\t\t\t\t<\/a>\n\t\t\t\t\t\t\t\t\t\t\t\t\t\t\t<\/div>\n\t\t\t\t<\/div>\n\t\t\t\t<div class=\"elementor-element elementor-element-8c02643 elementor-widget elementor-widget-image\" data-id=\"8c02643\" data-element_type=\"widget\" data-widget_type=\"image.default\">\n\t\t\t\t<div class=\"elementor-widget-container\">\n\t\t\t\t\t\t\t\t\t\t\t\t\t\t\t\t<a href=\"https:\/\/grasssport.pl\/wp-content\/uploads\/2024\/05\/image3-scaled.jpeg\" data-elementor-open-lightbox=\"yes\" data-elementor-lightbox-title=\"image3\" data-e-action-hash=\"#elementor-action%3Aaction%3Dlightbox%26settings%3DeyJpZCI6MTE4NCwidXJsIjoiaHR0cHM6XC9cL2dyYXNzc3BvcnQucGxcL3dwLWNvbnRlbnRcL3VwbG9hZHNcLzIwMjRcLzA1XC9pbWFnZTMtc2NhbGVkLmpwZWcifQ%3D%3D\">\n\t\t\t\t\t\t\t<img decoding=\"async\" src=\"https:\/\/grasssport.pl\/wp-content\/uploads\/elementor\/thumbs\/image3-scaled-qohqp530kjgdht9255529pszj0sht8anpbyw1z33w0.jpeg\" title=\"image3\" alt=\"image3\" loading=\"lazy\" \/>\t\t\t\t\t\t\t\t<\/a>\n\t\t\t\t\t\t\t\t\t\t\t\t\t\t\t<\/div>\n\t\t\t\t<\/div>\n\t\t\t\t<div class=\"elementor-element elementor-element-7a7ec74 elementor-widget elementor-widget-image\" data-id=\"7a7ec74\" data-element_type=\"widget\" data-widget_type=\"image.default\">\n\t\t\t\t<div class=\"elementor-widget-container\">\n\t\t\t\t\t\t\t\t\t\t\t\t\t\t\t\t<a href=\"https:\/\/grasssport.pl\/wp-content\/uploads\/2024\/05\/image4.jpeg\" data-elementor-open-lightbox=\"yes\" data-elementor-lightbox-title=\"image4\" data-e-action-hash=\"#elementor-action%3Aaction%3Dlightbox%26settings%3DeyJpZCI6MTE4NSwidXJsIjoiaHR0cHM6XC9cL2dyYXNzc3BvcnQucGxcL3dwLWNvbnRlbnRcL3VwbG9hZHNcLzIwMjRcLzA1XC9pbWFnZTQuanBlZyJ9\">\n\t\t\t\t\t\t\t<img decoding=\"async\" src=\"https:\/\/grasssport.pl\/wp-content\/uploads\/elementor\/thumbs\/image4-qohqpclq37qo2oy4x8e2tnwoa3rfit4ied6rw6ryi8.jpeg\" title=\"image4\" alt=\"image4\" loading=\"lazy\" \/>\t\t\t\t\t\t\t\t<\/a>\n\t\t\t\t\t\t\t\t\t\t\t\t\t\t\t<\/div>\n\t\t\t\t<\/div>\n\t\t\t\t<div class=\"elementor-element elementor-element-78de135 elementor-widget elementor-widget-image\" data-id=\"78de135\" data-element_type=\"widget\" data-widget_type=\"image.default\">\n\t\t\t\t<div class=\"elementor-widget-container\">\n\t\t\t\t\t\t\t\t\t\t\t\t\t\t\t\t<a href=\"https:\/\/grasssport.pl\/wp-content\/uploads\/2024\/05\/image5-scaled.jpeg\" data-elementor-open-lightbox=\"yes\" data-elementor-lightbox-title=\"image5\" data-e-action-hash=\"#elementor-action%3Aaction%3Dlightbox%26settings%3DeyJpZCI6MTE4NiwidXJsIjoiaHR0cHM6XC9cL2dyYXNzc3BvcnQucGxcL3dwLWNvbnRlbnRcL3VwbG9hZHNcLzIwMjRcLzA1XC9pbWFnZTUtc2NhbGVkLmpwZWcifQ%3D%3D\">\n\t\t\t\t\t\t\t<img decoding=\"async\" src=\"https:\/\/grasssport.pl\/wp-content\/uploads\/elementor\/thumbs\/image5-scaled-qohqpl29sq28z6luju1py3rtmklqg323fj257ofey8.jpeg\" title=\"image5\" alt=\"image5\" loading=\"lazy\" \/>\t\t\t\t\t\t\t\t<\/a>\n\t\t\t\t\t\t\t\t\t\t\t\t\t\t\t<\/div>\n\t\t\t\t<\/div>\n\t\t\t\t<\/div>\n\t\t\t\t<\/div>\n\t\t","protected":false},"excerpt":{"rendered":"<p>Nasze Realizacje Realizacje Sprawd\u017a nasze realizacje Zapoznaj si\u0119 z naszymi najnowszymi realizacjami.\u00a0 Nasze trawniki s\u0105 projektowane z my\u015bl\u0105 o praktycznym wykorzystaniu, a ich funkcjonalno\u015b\u0107 jest kluczowa dla naszych projekt\u00f3w. Ka\u017cdy trawnik jest starannie dostosowany do okre\u015blonych cel\u00f3w u\u017cytkowania, zapewniaj\u0105c optymalne warunki zar\u00f3wno do wypoczynku, jak i aktywno\u015bci na \u015bwie\u017cym powietrzu.<\/p>\n","protected":false},"author":1,"featured_media":0,"parent":0,"menu_order":0,"comment_status":"closed","ping_status":"closed","template":"","meta":{"site-sidebar-layout":"no-sidebar","site-content-layout":"page-builder","ast-site-content-layout":"default","site-content-style":"default","site-sidebar-style":"default","ast-global-header-display":"","ast-banner-title-visibility":"","ast-main-header-display":"","ast-hfb-above-header-display":"","ast-hfb-below-header-display":"","ast-hfb-mobile-header-display":"","site-post-title":"disabled","ast-breadcrumbs-content":"","ast-featured-img":"disabled","footer-sml-layout":"","ast-disable-related-posts":"","theme-transparent-header-meta":"enabled","adv-header-id-meta":"","stick-header-meta":"","header-above-stick-meta":"","header-main-stick-meta":"","header-below-stick-meta":"","astra-migrate-meta-layouts":"default","ast-page-background-enabled":"default","ast-page-background-meta":{"desktop":{"background-color":"","background-image":"","background-repeat":"repeat","background-position":"center center","background-size":"auto","background-attachment":"scroll","background-type":"","background-media":"","overlay-type":"","overlay-color":"","overlay-opacity":"","overlay-gradient":""},"tablet":{"background-color":"","background-image":"","background-repeat":"repeat","background-position":"center center","background-size":"auto","background-attachment":"scroll","background-type":"","background-media":"","overlay-type":"","overlay-color":"","overlay-opacity":"","overlay-gradient":""},"mobile":{"background-color":"","background-image":"","background-repeat":"repeat","background-position":"center center","background-size":"auto","background-attachment":"scroll","background-type":"","background-media":"","overlay-type":"","overlay-color":"","overlay-opacity":"","overlay-gradient":""}},"ast-content-background-meta":{"desktop":{"background-color":"var(--ast-global-color-5)","background-image":"","background-repeat":"repeat","background-position":"center center","background-size":"auto","background-attachment":"scroll","background-type":"","background-media":"","overlay-type":"","overlay-color":"","overlay-opacity":"","overlay-gradient":""},"tablet":{"background-color":"var(--ast-global-color-5)","background-image":"","background-repeat":"repeat","background-position":"center center","background-size":"auto","background-attachment":"scroll","background-type":"","background-media":"","overlay-type":"","overlay-color":"","overlay-opacity":"","overlay-gradient":""},"mobile":{"background-color":"var(--ast-global-color-5)","background-image":"","background-repeat":"repeat","background-position":"center center","background-size":"auto","background-attachment":"scroll","background-type":"","background-media":"","overlay-type":"","overlay-color":"","overlay-opacity":"","overlay-gradient":""}},"footnotes":""},"_links":{"self":[{"href":"https:\/\/grasssport.pl\/index.php?rest_route=\/wp\/v2\/pages\/665"}],"collection":[{"href":"https:\/\/grasssport.pl\/index.php?rest_route=\/wp\/v2\/pages"}],"about":[{"href":"https:\/\/grasssport.pl\/index.php?rest_route=\/wp\/v2\/types\/page"}],"author":[{"embeddable":true,"href":"https:\/\/grasssport.pl\/index.php?rest_route=\/wp\/v2\/users\/1"}],"replies":[{"embeddable":true,"href":"https:\/\/grasssport.pl\/index.php?rest_route=%2Fwp%2Fv2%2Fcomments&post=665"}],"version-history":[{"count":38,"href":"https:\/\/grasssport.pl\/index.php?rest_route=\/wp\/v2\/pages\/665\/revisions"}],"predecessor-version":[{"id":1445,"href":"https:\/\/grasssport.pl\/index.php?rest_route=\/wp\/v2\/pages\/665\/revisions\/1445"}],"wp:attachment":[{"href":"https:\/\/grasssport.pl\/index.php?rest_route=%2Fwp%2Fv2%2Fmedia&parent=665"}],"curies":[{"name":"wp","href":"https:\/\/api.w.org\/{rel}","templated":true}]}}