{"id":7,"date":"2018-10-09T09:16:29","date_gmt":"2018-10-09T09:16:29","guid":{"rendered":"https:\/\/grasssport.pl\/?page_id=7"},"modified":"2024-05-22T13:45:49","modified_gmt":"2024-05-22T13:45:49","slug":"about","status":"publish","type":"page","link":"https:\/\/grasssport.pl\/?page_id=7","title":{"rendered":"O nas"},"content":{"rendered":"\t\t<div data-elementor-type=\"wp-post\" data-elementor-id=\"7\" class=\"elementor elementor-7\" data-elementor-post-type=\"page\">\n\t\t\t\t<div class=\"elementor-element elementor-element-28756bf e-flex e-con-boxed e-con e-parent\" data-id=\"28756bf\" data-element_type=\"container\" data-settings=\"{&quot;background_background&quot;:&quot;classic&quot;}\">\n\t\t\t\t\t<div class=\"e-con-inner\">\n\t\t<div class=\"elementor-element elementor-element-fc4258e e-con-full e-flex e-con e-child\" data-id=\"fc4258e\" data-element_type=\"container\">\n\t\t\t\t<div class=\"elementor-element elementor-element-802e70a elementor-widget elementor-widget-heading\" data-id=\"802e70a\" data-element_type=\"widget\" data-widget_type=\"heading.default\">\n\t\t\t\t<div class=\"elementor-widget-container\">\n\t\t\t\t\t<h5 class=\"elementor-heading-title elementor-size-default\">Kilka s\u0142\u00f3w<\/h5>\t\t\t\t<\/div>\n\t\t\t\t<\/div>\n\t\t\t\t<div class=\"elementor-element elementor-element-df009b4 elementor-widget elementor-widget-heading\" data-id=\"df009b4\" data-element_type=\"widget\" data-widget_type=\"heading.default\">\n\t\t\t\t<div class=\"elementor-widget-container\">\n\t\t\t\t\t<h1 class=\"elementor-heading-title elementor-size-default\">o nas<\/h1>\t\t\t\t<\/div>\n\t\t\t\t<\/div>\n\t\t\t\t<\/div>\n\t\t\t\t\t<\/div>\n\t\t\t\t<\/div>\n\t\t<div class=\"elementor-element elementor-element-8297cfa e-flex e-con-boxed e-con e-parent\" data-id=\"8297cfa\" data-element_type=\"container\" data-settings=\"{&quot;background_background&quot;:&quot;classic&quot;}\">\n\t\t\t\t\t<div class=\"e-con-inner\">\n\t\t<div class=\"elementor-element elementor-element-3889d80 e-con-full e-flex e-con e-child\" data-id=\"3889d80\" data-element_type=\"container\">\n\t\t\t\t<div class=\"elementor-element elementor-element-717dbb5 elementor-widget elementor-widget-heading\" data-id=\"717dbb5\" data-element_type=\"widget\" data-widget_type=\"heading.default\">\n\t\t\t\t<div class=\"elementor-widget-container\">\n\t\t\t\t\t<h2 class=\"elementor-heading-title elementor-size-default\">Kilka s\u0142\u00f3w o nas<\/h2>\t\t\t\t<\/div>\n\t\t\t\t<\/div>\n\t\t\t\t<div class=\"elementor-element elementor-element-9d2dae1 elementor-widget-divider--view-line elementor-widget elementor-widget-divider\" data-id=\"9d2dae1\" data-element_type=\"widget\" data-widget_type=\"divider.default\">\n\t\t\t\t<div class=\"elementor-widget-container\">\n\t\t\t\t\t\t\t<div class=\"elementor-divider\">\n\t\t\t<span class=\"elementor-divider-separator\">\n\t\t\t\t\t\t<\/span>\n\t\t<\/div>\n\t\t\t\t\t\t<\/div>\n\t\t\t\t<\/div>\n\t\t\t\t<\/div>\n\t\t<div class=\"elementor-element elementor-element-4ac8d54 e-con-full e-flex e-con e-child\" data-id=\"4ac8d54\" data-element_type=\"container\">\n\t\t\t\t<div class=\"elementor-element elementor-element-c6fc8e2 elementor-widget elementor-widget-text-editor\" data-id=\"c6fc8e2\" data-element_type=\"widget\" data-widget_type=\"text-editor.default\">\n\t\t\t\t<div class=\"elementor-widget-container\">\n\t\t\t\t\t\t\t\t\t<p>Jeste\u015bmy firm\u0105 specjalizuj\u0105c\u0105 si\u0119 w kompleksowej piel\u0119gnacji trawnik\u00f3w oraz boisk pi\u0142karskich na terenie <strong>Krakowa i okolic<\/strong>. Nasza oferta obejmuje kompleksowe zabiegi piel\u0119gnacyjne oraz profesjonalne doradztwo z zakresu utrzymania trawnik\u00f3w przy domach oraz boisk sportowych. Z ponad <strong>o\u015bmioma latami do\u015bwiadczenia<\/strong> w bran\u017cy, zdobytymi przede wszystkim na boiskach klub\u00f3w z ekstraklasy, gwarantujemy wysok\u0105 jako\u015b\u0107 \u015bwiadczonych us\u0142ug. Nasze praktyczne do\u015bwiadczenie oraz wiedza teoretyczna pozwalaj\u0105 nam efektywnie zadba\u0107 o kondycj\u0119 ka\u017cdego trawnika i boiska, dostosowuj\u0105c nasze dzia\u0142ania do konkretnych potrzeb klienta. Je\u015bli szukasz rzetelnej i profesjonalnej obs\u0142ugi dla swojego trawnika lub boiska, skontaktuj si\u0119 z nami.\u00a0<\/p>\t\t\t\t\t\t\t\t<\/div>\n\t\t\t\t<\/div>\n\t\t\t\t<\/div>\n\t\t\t\t\t<\/div>\n\t\t\t\t<\/div>\n\t\t<div class=\"elementor-element elementor-element-5cc8296 e-con-full e-flex e-con e-parent\" data-id=\"5cc8296\" data-element_type=\"container\">\n\t\t<div class=\"elementor-element elementor-element-21d354d e-con-full e-flex e-con e-child\" data-id=\"21d354d\" data-element_type=\"container\" data-settings=\"{&quot;background_background&quot;:&quot;classic&quot;}\">\n\t\t\t\t<div class=\"elementor-element elementor-element-84ec67f elementor-widget elementor-widget-image\" data-id=\"84ec67f\" data-element_type=\"widget\" data-widget_type=\"image.default\">\n\t\t\t\t<div class=\"elementor-widget-container\">\n\t\t\t\t\t\t\t\t\t\t\t\t\t\t\t<img fetchpriority=\"high\" decoding=\"async\" width=\"1024\" height=\"768\" src=\"https:\/\/grasssport.pl\/wp-content\/uploads\/2024\/05\/image2-1024x768.jpeg\" class=\"attachment-large size-large wp-image-1183\" alt=\"\" srcset=\"https:\/\/grasssport.pl\/wp-content\/uploads\/2024\/05\/image2-1024x768.jpeg 1024w, https:\/\/grasssport.pl\/wp-content\/uploads\/2024\/05\/image2-300x225.jpeg 300w, https:\/\/grasssport.pl\/wp-content\/uploads\/2024\/05\/image2-768x576.jpeg 768w, https:\/\/grasssport.pl\/wp-content\/uploads\/2024\/05\/image2-1536x1152.jpeg 1536w, https:\/\/grasssport.pl\/wp-content\/uploads\/2024\/05\/image2.jpeg 2048w\" sizes=\"(max-width: 1024px) 100vw, 1024px\" \/>\t\t\t\t\t\t\t\t\t\t\t\t\t\t\t<\/div>\n\t\t\t\t<\/div>\n\t\t\t\t<\/div>\n\t\t<div class=\"elementor-element elementor-element-5f5a69f e-con-full e-flex e-con e-child\" data-id=\"5f5a69f\" data-element_type=\"container\" data-settings=\"{&quot;background_background&quot;:&quot;classic&quot;}\">\n\t\t\t\t<div class=\"elementor-element elementor-element-8e63b0a elementor-widget elementor-widget-image\" data-id=\"8e63b0a\" data-element_type=\"widget\" data-widget_type=\"image.default\">\n\t\t\t\t<div class=\"elementor-widget-container\">\n\t\t\t\t\t\t\t\t\t\t\t\t\t\t\t<img decoding=\"async\" width=\"1024\" height=\"768\" src=\"https:\/\/grasssport.pl\/wp-content\/uploads\/2024\/05\/image5-1024x768.jpeg\" class=\"attachment-large size-large wp-image-1186\" alt=\"\" srcset=\"https:\/\/grasssport.pl\/wp-content\/uploads\/2024\/05\/image5-1024x768.jpeg 1024w, https:\/\/grasssport.pl\/wp-content\/uploads\/2024\/05\/image5-300x225.jpeg 300w, https:\/\/grasssport.pl\/wp-content\/uploads\/2024\/05\/image5-768x576.jpeg 768w, https:\/\/grasssport.pl\/wp-content\/uploads\/2024\/05\/image5-1536x1152.jpeg 1536w, https:\/\/grasssport.pl\/wp-content\/uploads\/2024\/05\/image5-2048x1536.jpeg 2048w\" sizes=\"(max-width: 1024px) 100vw, 1024px\" \/>\t\t\t\t\t\t\t\t\t\t\t\t\t\t\t<\/div>\n\t\t\t\t<\/div>\n\t\t\t\t<\/div>\n\t\t\t\t<\/div>\n\t\t<div class=\"elementor-element elementor-element-8986b42 e-flex e-con-boxed e-con e-parent\" data-id=\"8986b42\" data-element_type=\"container\">\n\t\t\t\t\t<div class=\"e-con-inner\">\n\t\t<div class=\"elementor-element elementor-element-36b0e59 e-con-full e-flex e-con e-child\" data-id=\"36b0e59\" data-element_type=\"container\">\n\t\t\t\t<div class=\"elementor-element elementor-element-f784b29 elementor-widget elementor-widget-heading\" data-id=\"f784b29\" data-element_type=\"widget\" data-widget_type=\"heading.default\">\n\t\t\t\t<div class=\"elementor-widget-container\">\n\t\t\t\t\t<h3 class=\"elementor-heading-title elementor-size-default\">Otrzymaj  indywidualny kosztorys prac<\/h3>\t\t\t\t<\/div>\n\t\t\t\t<\/div>\n\t\t\t\t<div class=\"elementor-element elementor-element-33bd2be elementor-widget-divider--view-line elementor-widget elementor-widget-divider\" data-id=\"33bd2be\" data-element_type=\"widget\" data-widget_type=\"divider.default\">\n\t\t\t\t<div class=\"elementor-widget-container\">\n\t\t\t\t\t\t\t<div class=\"elementor-divider\">\n\t\t\t<span class=\"elementor-divider-separator\">\n\t\t\t\t\t\t<\/span>\n\t\t<\/div>\n\t\t\t\t\t\t<\/div>\n\t\t\t\t<\/div>\n\t\t\t\t<div class=\"elementor-element elementor-element-3ab5e7f elementor-widget elementor-widget-text-editor\" data-id=\"3ab5e7f\" data-element_type=\"widget\" data-widget_type=\"text-editor.default\">\n\t\t\t\t<div class=\"elementor-widget-container\">\n\t\t\t\t\t\t\t\t\t<p>Do ka\u017cdego projektu podchodzimy indywidualnie, przygotowuj\u0105c specjalny kosztorys dopasowany do specyficznych potrzeb i oczekiwa\u0144 naszych klient\u00f3w. Nasi eksperci dok\u0142adnie analizuj\u0105 stan trawnika lub boiska i na tej podstawie opracowuj\u0105 optymalne rozwi\u0105zania oraz szczeg\u00f3\u0142ow\u0105 wycen\u0119. Dzi\u0119ki temu masz pewno\u015b\u0107, \u017ce p\u0142acisz tylko za te us\u0142ugi, kt\u00f3re s\u0105 niezb\u0119dne dla utrzymania Twojej zielonej przestrzeni w doskona\u0142ej kondycji. Aby uzyska\u0107 indywidualn\u0105 wycen\u0119, <strong><a href=\"https:\/\/grasssport.pl\/?page_id=667\">skontaktuj si\u0119 z nami.<\/a><\/strong><\/p>\t\t\t\t\t\t\t\t<\/div>\n\t\t\t\t<\/div>\n\t\t\t\t<\/div>\n\t\t\t\t\t<\/div>\n\t\t\t\t<\/div>\n\t\t<div class=\"elementor-element elementor-element-e954ff9 e-flex e-con-boxed e-con e-parent\" data-id=\"e954ff9\" data-element_type=\"container\" data-settings=\"{&quot;background_background&quot;:&quot;classic&quot;}\">\n\t\t\t\t\t<div class=\"e-con-inner\">\n\t\t<div class=\"elementor-element elementor-element-cbddb06 e-con-full e-flex e-con e-child\" data-id=\"cbddb06\" data-element_type=\"container\">\n\t\t\t\t<div class=\"elementor-element elementor-element-244fe57 elementor-widget elementor-widget-counter\" data-id=\"244fe57\" data-element_type=\"widget\" data-widget_type=\"counter.default\">\n\t\t\t\t<div class=\"elementor-widget-container\">\n\t\t\t\t\t\t\t<div class=\"elementor-counter\">\n\t\t\t<div class=\"elementor-counter-title\">lat do\u015bwiadczenia<\/div>\t\t\t<div class=\"elementor-counter-number-wrapper\">\n\t\t\t\t<span class=\"elementor-counter-number-prefix\"><\/span>\n\t\t\t\t<span class=\"elementor-counter-number\" data-duration=\"500\" data-to-value=\"8\" data-from-value=\"0\" data-delimiter=\",\">0<\/span>\n\t\t\t\t<span class=\"elementor-counter-number-suffix\">+<\/span>\n\t\t\t<\/div>\n\t\t<\/div>\n\t\t\t\t\t\t<\/div>\n\t\t\t\t<\/div>\n\t\t\t\t<\/div>\n\t\t<div class=\"elementor-element elementor-element-e03d781 e-con-full e-flex e-con e-child\" data-id=\"e03d781\" data-element_type=\"container\">\n\t\t\t\t<div class=\"elementor-element elementor-element-7e367b7 elementor-widget elementor-widget-counter\" data-id=\"7e367b7\" data-element_type=\"widget\" data-widget_type=\"counter.default\">\n\t\t\t\t<div class=\"elementor-widget-container\">\n\t\t\t\t\t\t\t<div class=\"elementor-counter\">\n\t\t\t<div class=\"elementor-counter-title\">boisk pi\u0142karskich<\/div>\t\t\t<div class=\"elementor-counter-number-wrapper\">\n\t\t\t\t<span class=\"elementor-counter-number-prefix\"><\/span>\n\t\t\t\t<span class=\"elementor-counter-number\" data-duration=\"2000\" data-to-value=\"100\" data-from-value=\"0\" data-delimiter=\",\">0<\/span>\n\t\t\t\t<span class=\"elementor-counter-number-suffix\">+<\/span>\n\t\t\t<\/div>\n\t\t<\/div>\n\t\t\t\t\t\t<\/div>\n\t\t\t\t<\/div>\n\t\t\t\t<\/div>\n\t\t<div class=\"elementor-element elementor-element-45df81b e-con-full e-flex e-con e-child\" data-id=\"45df81b\" data-element_type=\"container\">\n\t\t\t\t<div class=\"elementor-element elementor-element-8af6176 elementor-widget elementor-widget-counter\" data-id=\"8af6176\" data-element_type=\"widget\" data-widget_type=\"counter.default\">\n\t\t\t\t<div class=\"elementor-widget-container\">\n\t\t\t\t\t\t\t<div class=\"elementor-counter\">\n\t\t\t<div class=\"elementor-counter-title\">trawnik\u00f3w domowych<\/div>\t\t\t<div class=\"elementor-counter-number-wrapper\">\n\t\t\t\t<span class=\"elementor-counter-number-prefix\"><\/span>\n\t\t\t\t<span class=\"elementor-counter-number\" data-duration=\"2000\" data-to-value=\"150\" data-from-value=\"0\">0<\/span>\n\t\t\t\t<span class=\"elementor-counter-number-suffix\">+<\/span>\n\t\t\t<\/div>\n\t\t<\/div>\n\t\t\t\t\t\t<\/div>\n\t\t\t\t<\/div>\n\t\t\t\t<\/div>\n\t\t\t\t\t<\/div>\n\t\t\t\t<\/div>\n\t\t\t\t<\/div>\n\t\t","protected":false},"excerpt":{"rendered":"<p>Kilka s\u0142\u00f3w o nas Kilka s\u0142\u00f3w o nas Jeste\u015bmy firm\u0105 specjalizuj\u0105c\u0105 si\u0119 w kompleksowej piel\u0119gnacji trawnik\u00f3w oraz boisk pi\u0142karskich na terenie Krakowa i okolic. Nasza oferta obejmuje kompleksowe zabiegi piel\u0119gnacyjne oraz profesjonalne doradztwo z zakresu utrzymania trawnik\u00f3w przy domach oraz boisk sportowych. Z ponad o\u015bmioma latami do\u015bwiadczenia w bran\u017cy, zdobytymi przede wszystkim na boiskach klub\u00f3w [&hellip;]<\/p>\n","protected":false},"author":1,"featured_media":0,"parent":0,"menu_order":0,"comment_status":"closed","ping_status":"closed","template":"","meta":{"site-sidebar-layout":"no-sidebar","site-content-layout":"page-builder","ast-site-content-layout":"default","site-content-style":"default","site-sidebar-style":"default","ast-global-header-display":"","ast-banner-title-visibility":"","ast-main-header-display":"","ast-hfb-above-header-display":"","ast-hfb-below-header-display":"","ast-hfb-mobile-header-display":"","site-post-title":"disabled","ast-breadcrumbs-content":"","ast-featured-img":"disabled","footer-sml-layout":"","ast-disable-related-posts":"","theme-transparent-header-meta":"enabled","adv-header-id-meta":"","stick-header-meta":"","header-above-stick-meta":"","header-main-stick-meta":"","header-below-stick-meta":"","astra-migrate-meta-layouts":"default","ast-page-background-enabled":"default","ast-page-background-meta":{"desktop":{"background-color":"","background-image":"","background-repeat":"repeat","background-position":"center center","background-size":"auto","background-attachment":"scroll","background-type":"","background-media":"","overlay-type":"","overlay-color":"","overlay-opacity":"","overlay-gradient":""},"tablet":{"background-color":"","background-image":"","background-repeat":"repeat","background-position":"center center","background-size":"auto","background-attachment":"scroll","background-type":"","background-media":"","overlay-type":"","overlay-color":"","overlay-opacity":"","overlay-gradient":""},"mobile":{"background-color":"","background-image":"","background-repeat":"repeat","background-position":"center center","background-size":"auto","background-attachment":"scroll","background-type":"","background-media":"","overlay-type":"","overlay-color":"","overlay-opacity":"","overlay-gradient":""}},"ast-content-background-meta":{"desktop":{"background-color":"var(--ast-global-color-5)","background-image":"","background-repeat":"repeat","background-position":"center center","background-size":"auto","background-attachment":"scroll","background-type":"","background-media":"","overlay-type":"","overlay-color":"","overlay-opacity":"","overlay-gradient":""},"tablet":{"background-color":"var(--ast-global-color-5)","background-image":"","background-repeat":"repeat","background-position":"center center","background-size":"auto","background-attachment":"scroll","background-type":"","background-media":"","overlay-type":"","overlay-color":"","overlay-opacity":"","overlay-gradient":""},"mobile":{"background-color":"var(--ast-global-color-5)","background-image":"","background-repeat":"repeat","background-position":"center center","background-size":"auto","background-attachment":"scroll","background-type":"","background-media":"","overlay-type":"","overlay-color":"","overlay-opacity":"","overlay-gradient":""}},"footnotes":""},"_links":{"self":[{"href":"https:\/\/grasssport.pl\/index.php?rest_route=\/wp\/v2\/pages\/7"}],"collection":[{"href":"https:\/\/grasssport.pl\/index.php?rest_route=\/wp\/v2\/pages"}],"about":[{"href":"https:\/\/grasssport.pl\/index.php?rest_route=\/wp\/v2\/types\/page"}],"author":[{"embeddable":true,"href":"https:\/\/grasssport.pl\/index.php?rest_route=\/wp\/v2\/users\/1"}],"replies":[{"embeddable":true,"href":"https:\/\/grasssport.pl\/index.php?rest_route=%2Fwp%2Fv2%2Fcomments&post=7"}],"version-history":[{"count":32,"href":"https:\/\/grasssport.pl\/index.php?rest_route=\/wp\/v2\/pages\/7\/revisions"}],"predecessor-version":[{"id":1336,"href":"https:\/\/grasssport.pl\/index.php?rest_route=\/wp\/v2\/pages\/7\/revisions\/1336"}],"wp:attachment":[{"href":"https:\/\/grasssport.pl\/index.php?rest_route=%2Fwp%2Fv2%2Fmedia&parent=7"}],"curies":[{"name":"wp","href":"https:\/\/api.w.org\/{rel}","templated":true}]}}